{"id":301,"date":"2019-10-08T19:50:54","date_gmt":"2019-10-08T19:50:54","guid":{"rendered":"https:\/\/pvfindustrial.com\/empresa\/"},"modified":"2026-04-29T15:20:40","modified_gmt":"2026-04-29T15:20:40","slug":"empresa","status":"publish","type":"page","link":"https:\/\/pvfindustrial.com\/es\/empresa\/","title":{"rendered":"Empresa"},"content":{"rendered":"<p><b><span data-contrast=\"none\">PVF Industrial: Un proveedor de confianza de soluciones de tuber\u00edas pl\u00e1sticas industriales<\/span><\/b><\/p>\n<p><b><span data-contrast=\"none\">Qui\u00e9nes Somos<\/span><\/b><\/p>\n<p><span data-contrast=\"none\">Ubicada en los din\u00e1micos entornos industriales de Tampa y Jacksonville, Florida, PVF Industrial se erige como un s\u00edmbolo inquebrantable de excelencia y un firme compromiso con el suministro de materiales industriales de primera categor\u00eda. Nuestro recorrido en el sector industrial comenz\u00f3 en julio de 2019 bajo la gu\u00eda visionaria de nuestros estimados l\u00edderes, Michaelle Popovec e Israel Barnes. <\/span><\/p>\n<p><span data-contrast=\"none\">Con su direcci\u00f3n experta y nuestra inquebrantable dedicaci\u00f3n a la calidad, PVF Industrial se embarc\u00f3 en la misi\u00f3n de establecerse como una figura destacada en el sector de suministro de pl\u00e1sticos industriales. Este recorrido nos ha llevado a la prestigiosa posici\u00f3n de ser el proveedor exclusivo, en Florida, de tuber\u00edas EMMSA\/CRESCO. Adem\u00e1s, hemos aplicado nuestra experiencia a proyectos ilustres que incluyen grandes parques acu\u00e1ticos, estadios, municipios, plantas desalinizadoras, infraestructuras de transporte e instalaciones acu\u00e1ticas. <\/span><\/p>\n<p><b><span data-contrast=\"none\">De D\u00f3nde Venimos<\/span><\/b><\/p>\n<p><span data-contrast=\"none\">Los viajes a menudo encuentran giros y vueltas, y el nuestro no fue una excepci\u00f3n. En julio de 2014, Barnes Industrial fue adquirida por Ryan Herco Flow Solutions. Sin embargo, los ecos de nuestro legado, impulsados por la lealtad de nuestros clientes y la visi\u00f3n perdurable de la familia Barnes, nos motivaron a retomar nuestro camino original. <\/span><\/p>\n<p><span data-contrast=\"none\">En septiembre de 2019, PVF Industrial resurgi\u00f3 del sector industrial, recuperando su papel como proveedor de confianza de soluciones de tuber\u00edas pl\u00e1sticas industriales. Este renacimiento marc\u00f3 un momento crucial, reavivando las conexiones con clientes y colegas de la industria, fomentando la colaboraci\u00f3n y la innovaci\u00f3n. <\/span><\/p>\n<p><b><span data-contrast=\"none\">Hacia D\u00f3nde Vamos<\/span><\/b><\/p>\n<p><span data-contrast=\"none\">Mientras nos encontramos en el umbral de una nueva fase, PVF Industrial est\u00e1 preparada para explorar nuevas oportunidades dentro del mercado de suministro industrial. Nuestro lema, \u201cThe Next Generation\u201d (La Pr\u00f3xima Generaci\u00f3n), refleja nuestro compromiso de trascender las pr\u00e1cticas de distribuci\u00f3n convencionales y adoptar enfoques innovadores. <\/span><\/p>\n<p><span data-contrast=\"none\">Bajo el liderazgo de la presidenta Michaelle Popovec, una experta experimentada en la industria de tuber\u00edas de PVC, y el CEO Israel Barnes, un l\u00edder dedicado con amplia experiencia en la industria, PVF Industrial est\u00e1 preparada para perseguir nuevas metas.<\/span><\/p>\n<p><span data-contrast=\"none\">Hoy, la presencia de PVF Industrial se expande m\u00e1s all\u00e1 de las fronteras de Florida; abarca las vastas extensiones del sureste de Estados Unidos y el soleado Caribe. Aqu\u00ed, fomentamos relaciones profundas con empresas que mejoran la infraestructura global. M\u00e1s all\u00e1 de eso, PVF Industrial est\u00e1 cultivando relaciones a nivel nacional. Nuestra misi\u00f3n inquebrantable es apoyar de manera fiable a quienes construyen, crean y mantienen la infraestructura mundial, ofreciendo un servicio al cliente inigualable y manteniendo un gran inventario de PVC en Florida. <\/span><\/p>\n<p><span data-contrast=\"none\">Le extendemos una cordial invitaci\u00f3n a unirse a nosotros en este viaje como valiosos clientes. Sus comentarios son siempre bienvenidos, y juntos, continuaremos dando forma al futuro del suministro industrial con profesionalidad, encanto y una visi\u00f3n de futuro. En este nuevo cap\u00edtulo, PVF Industrial se mantiene firme en la senda hacia un \u00e9xito e innovaci\u00f3n inigualables. <\/span><\/p>\n<p><span data-contrast=\"none\">Cont\u00e1ctenos hoy mismo para obtener m\u00e1s informaci\u00f3n sobre nuestros productos y servicios, y c\u00f3mo podemos ayudarle con sus necesidades de tuber\u00edas industriales.<\/span><\/p>\n<h2>Nuestra Misi\u00f3n<\/h2>\n<p>Apoyar plenamente a las empresas que construyen, fabrican y reparan la infraestructura mundial con el mayor inventario de PVC de Florida y un servicio al cliente superior.<\/p>\n<h3>Nuestros Valores Fundamentales<\/h3>\n<p>Aqu\u00ed tiene una lista de nuestros valores fundamentales que impulsan a nuestra direcci\u00f3n y personal:<\/p>\n<ul>\n<li>Comprometidos con la Construcci\u00f3n de Infraestructuras S\u00f3lidas<\/li>\n<li>Servicio al Cliente Superior y Fiable<\/li>\n<li>Experimentados y Conocedores<\/li>\n<li>Demostrando Pasi\u00f3n por la Industria<\/li>\n<\/ul>\n<p>D\u00e9nos la oportunidad de experimentar nuestros valores fundamentales y nuestra misi\u00f3n en acci\u00f3n en todos los niveles de nuestro negocio trabajando con nosotros.<\/p>\n<h3>Nuestro Liderazgo<\/h3>\n<p>PVF Industrial cuenta con el mismo talento familiar de siempre, pero con a\u00fan m\u00e1s experiencia. Aqu\u00ed est\u00e1n los miembros de nuestro equipo central de pr\u00f3xima generaci\u00f3n:<\/p>\n<p><strong>Israel Barnes<\/strong> es el director ejecutivo. Israel trabaj\u00f3 en Barnes Industrial y Ryan Herco Flow Solutions y ahora es la pr\u00f3xima generaci\u00f3n de liderazgo en PVF Industrial. Israel obtuvo su Licenciatura en Ciencias Aplicadas en Administraci\u00f3n y Direcci\u00f3n de Empresas en 1997.<\/p>\n<p><strong>Michaelle Popovec<\/strong> es la presidenta y <span class=\"NormalTextRun BCX0 SCXW42540900\">ha trabajado en el glamuroso mundo de las tuber\u00edas de PVC durante m\u00e1s de 20 a\u00f1os en m\u00faltiples capacidades. Michaelle <\/span><span class=\"NormalTextRun BCX0 SCXW42540900\">se diversific\u00f3<\/span><span class=\"NormalTextRun BCX0 SCXW42540900\"> durante un tiempo como directora financiera de una empresa sider\u00fargica hasta que se uni\u00f3 a la pr\u00f3xima generaci\u00f3n de liderazgo en PVF Industrial. Obtuvo su Licenciatura en Contabilidad en 1997.<\/span><\/p>\n","protected":false},"excerpt":{"rendered":"<p>PVF Industrial: Un proveedor de confianza de soluciones de tuber\u00edas pl\u00e1sticas industriales Qui\u00e9nes Somos Ubicada en los din\u00e1micos entornos industriales de Tampa y Jacksonville, Florida, PVF<span class=\"excerpt-hellip\"> [\u2026]<\/span><\/p>\n","protected":false},"author":2,"featured_media":303,"parent":0,"menu_order":0,"comment_status":"closed","ping_status":"closed","template":"","meta":{"footnotes":""},"class_list":["post-301","page","type-page","status-publish","has-post-thumbnail","hentry"],"_links":{"self":[{"href":"https:\/\/pvfindustrial.com\/es\/wp-json\/wp\/v2\/pages\/301","targetHints":{"allow":["GET"]}}],"collection":[{"href":"https:\/\/pvfindustrial.com\/es\/wp-json\/wp\/v2\/pages"}],"about":[{"href":"https:\/\/pvfindustrial.com\/es\/wp-json\/wp\/v2\/types\/page"}],"author":[{"embeddable":true,"href":"https:\/\/pvfindustrial.com\/es\/wp-json\/wp\/v2\/users\/2"}],"replies":[{"embeddable":true,"href":"https:\/\/pvfindustrial.com\/es\/wp-json\/wp\/v2\/comments?post=301"}],"version-history":[{"count":2,"href":"https:\/\/pvfindustrial.com\/es\/wp-json\/wp\/v2\/pages\/301\/revisions"}],"predecessor-version":[{"id":327,"href":"https:\/\/pvfindustrial.com\/es\/wp-json\/wp\/v2\/pages\/301\/revisions\/327"}],"wp:featuredmedia":[{"embeddable":true,"href":"https:\/\/pvfindustrial.com\/es\/wp-json\/wp\/v2\/media\/303"}],"wp:attachment":[{"href":"https:\/\/pvfindustrial.com\/es\/wp-json\/wp\/v2\/media?parent=301"}],"curies":[{"name":"wp","href":"https:\/\/api.w.org\/{rel}","templated":true}]}}